{"id":168,"date":"2020-06-18T10:22:16","date_gmt":"2020-06-18T08:22:16","guid":{"rendered":"https:\/\/www.sade-cgth.fr\/sodraep\/?page_id=168"},"modified":"2024-01-03T08:26:56","modified_gmt":"2024-01-03T07:26:56","slug":"postes-cles","status":"publish","type":"page","link":"https:\/\/www.aquaenergia.be\/fr\/postes-cles\/","title":{"rendered":"Postes cl\u00e9s"},"content":{"rendered":"<div class=\"wpb-content-wrapper\"><p>[vc_row full_width=\u00a0\u00bbstretch_row_content_no_spaces\u00a0\u00bb gap=\u00a0\u00bb20&Prime; css=\u00a0\u00bb.vc_custom_1639483528694{margin-top: 15px !important;}\u00a0\u00bb][vc_column width=\u00a0\u00bb1\/5&Prime;][vc_row_inner][vc_column_inner el_class=\u00a0\u00bbinnov\u00a0\u00bb]\n<div id=\"interactive-banner-1-wrap-6300\" class=\"ult-banner-block ult-adjust-bottom-margin ult-bb-box  banner-style01 \"   style=\"\">\n\t<img decoding=\"async\" src=\"https:\/\/www.aquaenergia.be\/wp-content\/uploads\/sites\/43\/2023\/12\/offres-emploi-equipe.jpg\" alt=\"null\">\n\t<h3  data-ultimate-target='#interactive-banner-1-wrap-6300 .bb-top-title '  data-responsive-json-new='{\"font-size\":\"\",\"line-height\":\"\"}'  class=\"title-center bb-top-title ult-responsive\" style=\"font-weight:normal;background:#242424;color:#ffffff;\">Chef d\u2019\u00e9quipe<\/h3>\n\t<div class=\"mask opaque-background\" style=\"background:#242424;\">\n\t\t<div  data-ultimate-target='#interactive-banner-1-wrap-6300 .bb-description'  data-responsive-json-new='{\"font-size\":\"\",\"line-height\":\"\"}'  class=\"bb-description ult-responsive\" style=\"font-weight:normal;color:#ffffff;\">Le Chef d'\u00e9quipe pr\u00e9pare, organise et suit au quotidien le d\u00e9roulement des activit\u00e9s d'un chantier. Il\/Elle coordonne les interventions de son \u00e9quipe, interne et externe \u00e0 l'entreprise, selon les imp\u00e9ratifs de d\u00e9lais.<\/div>\n\t<\/div><a class=\"bb-link\" ><\/a>\n<\/div>[\/vc_column_inner][\/vc_row_inner][vc_row_inner][vc_column_inner el_class=\u00a0\u00bbinnov\u00a0\u00bb]\n<div id=\"interactive-banner-1-wrap-6177\" class=\"ult-banner-block ult-adjust-bottom-margin ult-bb-box  banner-style01 \"   style=\"\">\n\t<img decoding=\"async\" src=\"https:\/\/www.aquaenergia.be\/wp-content\/uploads\/sites\/43\/2023\/12\/offres-emploi_Plan-de-travail-1-copie-5.png\" alt=\"null\">\n\t<h3  data-ultimate-target='#interactive-banner-1-wrap-6177 .bb-top-title '  data-responsive-json-new='{\"font-size\":\"\",\"line-height\":\"\"}'  class=\"title-center bb-top-title ult-responsive\" style=\"font-weight:normal;background:#242424;color:#ffffff;\">Chauffeur poids-lourd<\/h3>\n\t<div class=\"mask opaque-background\" style=\"background:#242424;\">\n\t\t<div  data-ultimate-target='#interactive-banner-1-wrap-6177 .bb-description'  data-responsive-json-new='{\"font-size\":\"\",\"line-height\":\"\"}'  class=\"bb-description ult-responsive\" style=\"font-weight:normal;color:#ffffff;\">Le Chauffeur poids-lourds conduit des v\u00e9hicules routiers lourds afin de transporter des mat\u00e9riaux, mais aussi des v\u00e9hicules de chantier, dans le respect des r\u00e8gles de s\u00e9curit\u00e9. Il\/Elle peut \u00e9galement \u00eatre amen\u00e9 \u00e0 utiliser des \u00e9quipements mont\u00e9s sur le v\u00e9hicule (benne, bras de grue, \u2026).<\/div>\n\t<\/div><a class=\"bb-link\" ><\/a>\n<\/div>[\/vc_column_inner][\/vc_row_inner][\/vc_column][vc_column width=\u00a0\u00bb1\/5&Prime;][vc_row_inner][vc_column_inner el_class=\u00a0\u00bbinnov\u00a0\u00bb]\n<div id=\"interactive-banner-1-wrap-5881\" class=\"ult-banner-block ult-adjust-bottom-margin ult-bb-box  banner-style01 \"   style=\"\">\n\t<img decoding=\"async\" src=\"https:\/\/www.aquaenergia.be\/wp-content\/uploads\/sites\/43\/2023\/12\/offres-emploi_Plan-de-travail-1.png\" alt=\"null\">\n\t<h3  data-ultimate-target='#interactive-banner-1-wrap-5881 .bb-top-title '  data-responsive-json-new='{\"font-size\":\"\",\"line-height\":\"\"}'  class=\"title-center bb-top-title ult-responsive\" style=\"font-weight:normal;background:#242424;color:#ffffff;\">Conducteur de travaux<\/h3>\n\t<div class=\"mask opaque-background\" style=\"background:#242424;\">\n\t\t<div  data-ultimate-target='#interactive-banner-1-wrap-5881 .bb-description'  data-responsive-json-new='{\"font-size\":\"\",\"line-height\":\"\"}'  class=\"bb-description ult-responsive\" style=\"font-weight:normal;color:#ffffff;\">Le Conducteur de travaux organise et suit les diff\u00e9rents moyens techniques, humains et financiers n\u00e9cessaires \u00e0 la r\u00e9alisation d'un chantier de construction, de la phase projet jusqu'\u00e0 la livraison.<\/div>\n\t<\/div><a class=\"bb-link\" ><\/a>\n<\/div>[\/vc_column_inner][\/vc_row_inner][vc_row_inner][vc_column_inner el_class=\u00a0\u00bbinnov\u00a0\u00bb]\n<div id=\"interactive-banner-1-wrap-7419\" class=\"ult-banner-block ult-adjust-bottom-margin ult-bb-box  banner-style01 \"   style=\"\">\n\t<img decoding=\"async\" src=\"https:\/\/www.aquaenergia.be\/wp-content\/uploads\/sites\/43\/2023\/12\/offres-emploi_Plan-de-travail-1-copie-4.png\" alt=\"null\">\n\t<h3  data-ultimate-target='#interactive-banner-1-wrap-7419 .bb-top-title '  data-responsive-json-new='{\"font-size\":\"\",\"line-height\":\"\"}'  class=\"title-center bb-top-title ult-responsive\" style=\"font-weight:normal;background:#242424;color:#ffffff;\">Conducteur d\u2019engins<\/h3>\n\t<div class=\"mask opaque-background\" style=\"background:#242424;\">\n\t\t<div  data-ultimate-target='#interactive-banner-1-wrap-7419 .bb-description'  data-responsive-json-new='{\"font-size\":\"\",\"line-height\":\"\"}'  class=\"bb-description ult-responsive\" style=\"font-weight:normal;color:#ffffff;\">Il\/Elle effectue des op\u00e9rations m\u00e9canis\u00e9es (terrassement, nivellement, etc\u2026) \u00e0 l\u2019aide d\u2019engins m\u00e9canis\u00e9s.<\/div>\n\t<\/div><a class=\"bb-link\" ><\/a>\n<\/div>[\/vc_column_inner][\/vc_row_inner][\/vc_column][vc_column width=\u00a0\u00bb1\/5&Prime;][vc_row_inner][vc_column_inner el_class=\u00a0\u00bbinnov\u00a0\u00bb]\n<div id=\"interactive-banner-1-wrap-3927\" class=\"ult-banner-block ult-adjust-bottom-margin ult-bb-box  banner-style01 \"   style=\"\">\n\t<img decoding=\"async\" src=\"https:\/\/www.aquaenergia.be\/wp-content\/uploads\/sites\/43\/2023\/12\/offres-emploi_Plan-de-travail-1-copie.png\" alt=\"null\">\n\t<h3  data-ultimate-target='#interactive-banner-1-wrap-3927 .bb-top-title '  data-responsive-json-new='{\"font-size\":\"\",\"line-height\":\"\"}'  class=\"title-center bb-top-title ult-responsive\" style=\"font-weight:normal;background:#242424;color:#ffffff;\">Contrema\u00eetre<\/h3>\n\t<div class=\"mask opaque-background\" style=\"background:#242424;\">\n\t\t<div  data-ultimate-target='#interactive-banner-1-wrap-3927 .bb-description'  data-responsive-json-new='{\"font-size\":\"\",\"line-height\":\"\"}'  class=\"bb-description ult-responsive\" style=\"font-weight:normal;color:#ffffff;\">Le Contrema\u00eetre organise et suit la r\u00e9alisation d\u2019un ou plusieurs chantiers. Il\/Elle rassemble les informations n\u00e9cessaires \u00e0 sa gestion, g\u00e8re et anime les \u00e9quipes dont il a la responsabilit\u00e9.<\/div>\n\t<\/div><a class=\"bb-link\" ><\/a>\n<\/div>[\/vc_column_inner][\/vc_row_inner][\/vc_column][vc_column width=\u00a0\u00bb1\/5&Prime;][vc_row_inner][vc_column_inner el_class=\u00a0\u00bbinnov\u00a0\u00bb]\n<div id=\"interactive-banner-1-wrap-3990\" class=\"ult-banner-block ult-adjust-bottom-margin ult-bb-box  banner-style01 \"   style=\"\">\n\t<img decoding=\"async\" src=\"https:\/\/www.aquaenergia.be\/wp-content\/uploads\/sites\/43\/2023\/12\/offres-emploi_Plan-de-travail-1-copie-3.png\" alt=\"null\">\n\t<h3  data-ultimate-target='#interactive-banner-1-wrap-3990 .bb-top-title '  data-responsive-json-new='{\"font-size\":\"\",\"line-height\":\"\"}'  class=\"title-center bb-top-title ult-responsive\" style=\"font-weight:normal;background:#242424;color:#ffffff;\">Canalisateur<\/h3>\n\t<div class=\"mask opaque-background\" style=\"background:#242424;\">\n\t\t<div  data-ultimate-target='#interactive-banner-1-wrap-3990 .bb-description'  data-responsive-json-new='{\"font-size\":\"\",\"line-height\":\"\"}'  class=\"bb-description ult-responsive\" style=\"font-weight:normal;color:#ffffff;\">Le Canalisateur effectue la pose, le remplacement, la r\u00e9paration et l'entretien des r\u00e9seaux secs et humides.<\/div>\n\t<\/div><a class=\"bb-link\" ><\/a>\n<\/div>[\/vc_column_inner][\/vc_row_inner][\/vc_column][vc_column css_animation=\u00a0\u00bbnone\u00a0\u00bb width=\u00a0\u00bb1\/5&Prime; el_class=\u00a0\u00bbcoldroite_carriere\u00a0\u00bb][vc_row_inner css=\u00a0\u00bb.vc_custom_1702637096697{background-color: #002654 !important;}\u00a0\u00bb][vc_column_inner]<div class=\"smile_icon_list_wrap ult_info_list_container ult-adjust-bottom-margin   vc_custom_1702637431966\"><ul class=\"smile_icon_list top square with_bg\"><li class=\"icon_list_item\" style=\" font-size:123px;\"><div class=\"icon_list_icon\" data-animation=\"\" data-animation-delay=\"03\" style=\"font-size:41px;border-width:1px;border-style:none;background:#002654;color:#ffffff;border-color:#333333;\"><img decoding=\"async\" class=\"list-img-icon\" alt=\"null\" src=\"https:\/\/www.aquaenergia.be\/wp-content\/uploads\/sites\/43\/2021\/07\/download.png\"\/><\/div><div class=\"icon_description\" id=\"Info-list-wrap-5345\" style=\"font-size:41px;\"><h3 class=\"ult-responsive info-list-heading\"  data-ultimate-target='#Info-list-wrap-5345 h3'  data-responsive-json-new='{\"font-size\":\"desktop:27px;\",\"line-height\":\"desktop:31px;\"}'  style=\"color:#ffffff;\">D\u00e9posez votre candidature<\/h3><div class=\"icon_description_text ult-responsive\"  data-ultimate-target='#Info-list-wrap-5345 .icon_description_text'  data-responsive-json-new='{\"font-size\":\"desktop:13px;\",\"line-height\":\"desktop:18px;\"}'  style=\"\"><\/div><\/div><div class=\"icon_list_connector\" data-animation=\"fadeInLeft\" data-animation-delay=\"03\" style=\"border-top-width: 1px;border-top-style: dashed;border-color: #333333;\"><\/div><a class=\"ulimate-info-list-link\" href=\"https:\/\/www.aquaenergia.be\/fr\/candidatures\/\" title=\"Candidatures\" ><\/a><\/li><\/ul><\/div>[\/vc_column_inner][\/vc_row_inner][\/vc_column][\/vc_row]<\/p>\n<!-- WPMSNGI:: This input got made by wpms-network-global-inserts It is a WordPress Plugin, you will find your Plugins @ www.wordpress.org ... Information about the Plugin you will find @ www.ruben-storm.de Thank you for using this Plungin--><\/div>","protected":false},"excerpt":{"rendered":"[vc_row full_width=\u00a0\u00bbstretch_row_content_no_spaces\u00a0\u00bb gap=\u00a0\u00bb20&Prime; css=\u00a0\u00bb.vc_custom_1639483528694{margin-top: 15px !important;}\u00a0\u00bb][vc_column width=\u00a0\u00bb1\/5&Prime;][vc_row_inner][vc_column_inner el_class=\u00a0\u00bbinnov\u00a0\u00bb][\/vc_column_inner][\/vc_row_inner][vc_row_inner][vc_column_inner el_class=\u00a0\u00bbinnov\u00a0\u00bb][\/vc_column_inner][\/vc_row_inner][\/vc_column][vc_column width=\u00a0\u00bb1\/5&Prime;][vc_row_inner][vc_column_inner el_class=\u00a0\u00bbinnov\u00a0\u00bb][\/vc_column_inner][\/vc_row_inner][vc_row_inner][vc_column_inner el_class=\u00a0\u00bbinnov\u00a0\u00bb][\/vc_column_inner][\/vc_row_inner][\/vc_column][vc_column width=\u00a0\u00bb1\/5&Prime;][vc_row_inner][vc_column_inner el_class=\u00a0\u00bbinnov\u00a0\u00bb][\/vc_column_inner][\/vc_row_inner][\/vc_column][vc_column width=\u00a0\u00bb1\/5&Prime;][vc_row_inner][vc_column_inner el_class=\u00a0\u00bbinnov\u00a0\u00bb][\/vc_column_inner][\/vc_row_inner][\/vc_column][vc_column css_animation=\u00a0\u00bbnone\u00a0\u00bb width=\u00a0\u00bb1\/5&Prime; el_class=\u00a0\u00bbcoldroite_carriere\u00a0\u00bb][vc_row_inner css=\u00a0\u00bb.vc_custom_1702637096697{background-color: #002654 !important;}\u00a0\u00bb][vc_column_inner][\/vc_column_inner][\/vc_row_inner][\/vc_column][\/vc_row]","protected":false},"author":1,"featured_media":0,"parent":0,"menu_order":0,"comment_status":"closed","ping_status":"closed","template":"","meta":{"footnotes":""},"class_list":["post-168","page","type-page","status-publish","hentry"],"yoast_head":"<!-- This site is optimized with the Yoast SEO plugin v24.6 - https:\/\/yoast.com\/wordpress\/plugins\/seo\/ -->\n<title>Postes cl\u00e9s - Aquaenergia<\/title>\n<meta name=\"description\" content=\"D\u00e9couvrez les m\u00e9tiers et les offres d\u2019emplois de Aquaenergia et rejoignez-nous !\" \/>\n<meta name=\"robots\" content=\"noindex, follow, max-snippet:-1, max-image-preview:large, max-video-preview:-1\" \/>\n<meta property=\"og:locale\" content=\"fr_FR\" \/>\n<meta property=\"og:type\" content=\"article\" \/>\n<meta property=\"og:title\" content=\"Postes cl\u00e9s - Aquaenergia\" \/>\n<meta property=\"og:description\" content=\"D\u00e9couvrez les m\u00e9tiers et les offres d\u2019emplois de Aquaenergia et rejoignez-nous !\" \/>\n<meta property=\"og:url\" content=\"https:\/\/www.aquaenergia.be\/fr\/postes-cles\/\" \/>\n<meta property=\"og:site_name\" content=\"Aquaenergia\" \/>\n<meta property=\"article:modified_time\" content=\"2024-01-03T07:26:56+00:00\" \/>\n<meta property=\"og:image\" content=\"https:\/\/www.aquaenergia.be\/wp-content\/uploads\/sites\/43\/2023\/12\/aquaenergia.png\" \/>\n\t<meta property=\"og:image:width\" content=\"3466\" \/>\n\t<meta property=\"og:image:height\" content=\"1180\" \/>\n\t<meta property=\"og:image:type\" content=\"image\/png\" \/>\n<meta name=\"twitter:card\" content=\"summary_large_image\" \/>\n<meta name=\"twitter:site\" content=\"@sadecgth\" \/>\n<meta name=\"twitter:label1\" content=\"Dur\u00e9e de lecture estim\u00e9e\" \/>\n\t<meta name=\"twitter:data1\" content=\"2 minutes\" \/>\n<script type=\"application\/ld+json\" class=\"yoast-schema-graph\">{\"@context\":\"https:\/\/schema.org\",\"@graph\":[{\"@type\":\"WebPage\",\"@id\":\"https:\/\/www.aquaenergia.be\/fr\/postes-cles\/\",\"url\":\"https:\/\/www.aquaenergia.be\/fr\/postes-cles\/\",\"name\":\"Postes cl\u00e9s - Aquaenergia\",\"isPartOf\":{\"@id\":\"https:\/\/www.aquaenergia.be\/#website\"},\"datePublished\":\"2020-06-18T08:22:16+00:00\",\"dateModified\":\"2024-01-03T07:26:56+00:00\",\"description\":\"D\u00e9couvrez les m\u00e9tiers et les offres d\u2019emplois de Aquaenergia et rejoignez-nous !\",\"breadcrumb\":{\"@id\":\"https:\/\/www.aquaenergia.be\/fr\/postes-cles\/#breadcrumb\"},\"inLanguage\":\"fr-FR\",\"potentialAction\":[{\"@type\":\"ReadAction\",\"target\":[\"https:\/\/www.aquaenergia.be\/fr\/postes-cles\/\"]}]},{\"@type\":\"BreadcrumbList\",\"@id\":\"https:\/\/www.aquaenergia.be\/fr\/postes-cles\/#breadcrumb\",\"itemListElement\":[{\"@type\":\"ListItem\",\"position\":1,\"name\":\"Accueil\",\"item\":\"https:\/\/www.aquaenergia.be\/fr\/\"},{\"@type\":\"ListItem\",\"position\":2,\"name\":\"Postes cl\u00e9s\"}]},{\"@type\":\"WebSite\",\"@id\":\"https:\/\/www.aquaenergia.be\/#website\",\"url\":\"https:\/\/www.aquaenergia.be\/\",\"name\":\"Aquaenergia\",\"description\":\"\",\"publisher\":{\"@id\":\"https:\/\/www.aquaenergia.be\/#organization\"},\"potentialAction\":[{\"@type\":\"SearchAction\",\"target\":{\"@type\":\"EntryPoint\",\"urlTemplate\":\"https:\/\/www.aquaenergia.be\/?s={search_term_string}\"},\"query-input\":{\"@type\":\"PropertyValueSpecification\",\"valueRequired\":true,\"valueName\":\"search_term_string\"}}],\"inLanguage\":\"fr-FR\"},{\"@type\":\"Organization\",\"@id\":\"https:\/\/www.aquaenergia.be\/#organization\",\"name\":\"AQUAENERGIA\",\"url\":\"https:\/\/www.aquaenergia.be\/\",\"logo\":{\"@type\":\"ImageObject\",\"inLanguage\":\"fr-FR\",\"@id\":\"https:\/\/www.aquaenergia.be\/#\/schema\/logo\/image\/\",\"url\":\"https:\/\/www.aquaenergia.be\/wp-content\/uploads\/sites\/43\/2023\/12\/cropped-favicon.png\",\"contentUrl\":\"https:\/\/www.aquaenergia.be\/wp-content\/uploads\/sites\/43\/2023\/12\/cropped-favicon.png\",\"width\":512,\"height\":512,\"caption\":\"AQUAENERGIA\"},\"image\":{\"@id\":\"https:\/\/www.aquaenergia.be\/#\/schema\/logo\/image\/\"},\"sameAs\":[\"https:\/\/x.com\/sadecgth\",\"https:\/\/www.instagram.com\/sadecgth\",\"https:\/\/fr.linkedin.com\/company\/sade\",\"https:\/\/www.youtube.com\/channel\/UCt0AEHEpfgRE3pADxCZvXnQ\"]}]}<\/script>\n<!-- \/ Yoast SEO plugin. -->","yoast_head_json":{"title":"Postes cl\u00e9s - Aquaenergia","description":"D\u00e9couvrez les m\u00e9tiers et les offres d\u2019emplois de Aquaenergia et rejoignez-nous !","robots":{"index":"noindex","follow":"follow","max-snippet":"max-snippet:-1","max-image-preview":"max-image-preview:large","max-video-preview":"max-video-preview:-1"},"og_locale":"fr_FR","og_type":"article","og_title":"Postes cl\u00e9s - Aquaenergia","og_description":"D\u00e9couvrez les m\u00e9tiers et les offres d\u2019emplois de Aquaenergia et rejoignez-nous !","og_url":"https:\/\/www.aquaenergia.be\/fr\/postes-cles\/","og_site_name":"Aquaenergia","article_modified_time":"2024-01-03T07:26:56+00:00","og_image":[{"width":3466,"height":1180,"url":"https:\/\/www.aquaenergia.be\/wp-content\/uploads\/sites\/43\/2023\/12\/aquaenergia.png","type":"image\/png"}],"twitter_card":"summary_large_image","twitter_site":"@sadecgth","twitter_misc":{"Dur\u00e9e de lecture estim\u00e9e":"2 minutes"},"schema":{"@context":"https:\/\/schema.org","@graph":[{"@type":"WebPage","@id":"https:\/\/www.aquaenergia.be\/fr\/postes-cles\/","url":"https:\/\/www.aquaenergia.be\/fr\/postes-cles\/","name":"Postes cl\u00e9s - Aquaenergia","isPartOf":{"@id":"https:\/\/www.aquaenergia.be\/#website"},"datePublished":"2020-06-18T08:22:16+00:00","dateModified":"2024-01-03T07:26:56+00:00","description":"D\u00e9couvrez les m\u00e9tiers et les offres d\u2019emplois de Aquaenergia et rejoignez-nous !","breadcrumb":{"@id":"https:\/\/www.aquaenergia.be\/fr\/postes-cles\/#breadcrumb"},"inLanguage":"fr-FR","potentialAction":[{"@type":"ReadAction","target":["https:\/\/www.aquaenergia.be\/fr\/postes-cles\/"]}]},{"@type":"BreadcrumbList","@id":"https:\/\/www.aquaenergia.be\/fr\/postes-cles\/#breadcrumb","itemListElement":[{"@type":"ListItem","position":1,"name":"Accueil","item":"https:\/\/www.aquaenergia.be\/fr\/"},{"@type":"ListItem","position":2,"name":"Postes cl\u00e9s"}]},{"@type":"WebSite","@id":"https:\/\/www.aquaenergia.be\/#website","url":"https:\/\/www.aquaenergia.be\/","name":"Aquaenergia","description":"","publisher":{"@id":"https:\/\/www.aquaenergia.be\/#organization"},"potentialAction":[{"@type":"SearchAction","target":{"@type":"EntryPoint","urlTemplate":"https:\/\/www.aquaenergia.be\/?s={search_term_string}"},"query-input":{"@type":"PropertyValueSpecification","valueRequired":true,"valueName":"search_term_string"}}],"inLanguage":"fr-FR"},{"@type":"Organization","@id":"https:\/\/www.aquaenergia.be\/#organization","name":"AQUAENERGIA","url":"https:\/\/www.aquaenergia.be\/","logo":{"@type":"ImageObject","inLanguage":"fr-FR","@id":"https:\/\/www.aquaenergia.be\/#\/schema\/logo\/image\/","url":"https:\/\/www.aquaenergia.be\/wp-content\/uploads\/sites\/43\/2023\/12\/cropped-favicon.png","contentUrl":"https:\/\/www.aquaenergia.be\/wp-content\/uploads\/sites\/43\/2023\/12\/cropped-favicon.png","width":512,"height":512,"caption":"AQUAENERGIA"},"image":{"@id":"https:\/\/www.aquaenergia.be\/#\/schema\/logo\/image\/"},"sameAs":["https:\/\/x.com\/sadecgth","https:\/\/www.instagram.com\/sadecgth","https:\/\/fr.linkedin.com\/company\/sade","https:\/\/www.youtube.com\/channel\/UCt0AEHEpfgRE3pADxCZvXnQ"]}]}},"_links":{"self":[{"href":"https:\/\/www.aquaenergia.be\/fr\/wp-json\/wp\/v2\/pages\/168"}],"collection":[{"href":"https:\/\/www.aquaenergia.be\/fr\/wp-json\/wp\/v2\/pages"}],"about":[{"href":"https:\/\/www.aquaenergia.be\/fr\/wp-json\/wp\/v2\/types\/page"}],"author":[{"embeddable":true,"href":"https:\/\/www.aquaenergia.be\/fr\/wp-json\/wp\/v2\/users\/1"}],"replies":[{"embeddable":true,"href":"https:\/\/www.aquaenergia.be\/fr\/wp-json\/wp\/v2\/comments?post=168"}],"version-history":[{"count":0,"href":"https:\/\/www.aquaenergia.be\/fr\/wp-json\/wp\/v2\/pages\/168\/revisions"}],"wp:attachment":[{"href":"https:\/\/www.aquaenergia.be\/fr\/wp-json\/wp\/v2\/media?parent=168"}],"curies":[{"name":"wp","href":"https:\/\/api.w.org\/{rel}","templated":true}]}}