{"id":17,"date":"2020-06-17T16:10:08","date_gmt":"2020-06-17T14:10:08","guid":{"rendered":"https:\/\/www.sade-cgth.fr\/sodraep\/?page_id=17"},"modified":"2023-12-20T11:05:40","modified_gmt":"2023-12-20T10:05:40","slug":"references","status":"publish","type":"page","link":"https:\/\/www.aquaenergia.be\/fr\/references\/","title":{"rendered":"R\u00e9f\u00e9rences"},"content":{"rendered":"<div class=\"wpb-content-wrapper\"><p>[vc_row][vc_column][vc_raw_html]JTNDZGl2JTIwY2xhc3MlM0QlMjJmaWx0cmVwZXJzbyUyMiUzRSUwQSUwOSUwOSUzQ0ZPUk0lM0UlMEElM0NTRUxFQ1QlMjBuYW1lJTNEJTIybm9tJTIyJTIwc2l6ZSUzRCUyMjElMjIlMjBpZCUzRCUyMnJlZnNlbGVjdGdlbyUyMiUzRSUwQSUzQ09QVElPTiUyMHZhbHVlJTNEJTIyLnZjX2dyaWQtaXRlbSUyMiUzRUdlb2dyYXBoeSUzQyUyRk9QVElPTiUzRSUwQSUzQ09QVElPTiUyMHZhbHVlJTNEJTIyLnZjX2dyaWQtdGVybS0yOCUyMiUzRUFmcmljYSUzQyUyRk9QVElPTiUzRSUwQSUzQ09QVElPTiUyMHZhbHVlJTNEJTIyLnZjX2dyaWQtdGVybS00MSUyMiUzRUFtZXJpY2ElM0MlMkZPUFRJT04lM0UlMEElM0NPUFRJT04lMjB2YWx1ZSUzRCUyMi52Y19ncmlkLXRlcm0tNDIlMjIlM0VBc2lhJTNDJTJGT1BUSU9OJTNFJTBBJTNDT1BUSU9OJTIwdmFsdWUlM0QlMjIudmNfZ3JpZC10ZXJtLTQzJTIyJTNFRXVyb3BlJTNDJTJGT1BUSU9OJTNFJTBBJTNDJTJGU0VMRUNUJTNFJTBBJTNDJTJGRk9STSUzRSUwQSUwOSUwOSUzQ0ZPUk0lM0UlMEElM0NTRUxFQ1QlMjBuYW1lJTNEJTIybm9tJTIyJTIwc2l6ZSUzRCUyMjElMjIlMjBpZCUzRCUyMnJlZnNlbGVjdG1ldGllcnMlMjIlM0UlMEElM0NPUFRJT04lMjB2YWx1ZSUzRCUyMi52Y19ncmlkLWl0ZW0lMjIlM0VNJUMzJUE5dGllcnMlM0MlMkZPUFRJT04lM0UlMEElM0NPUFRJT04lMjB2YWx1ZSUzRCUyMi52Y19ncmlkLXRlcm0tMTYlMjIlM0VFYXUlMjBwb3RhYmxlJTNDJTJGT1BUSU9OJTNFJTBBJTNDT1BUSU9OJTIwdmFsdWUlM0QlMjIudmNfZ3JpZC10ZXJtLTE5JTIyJTNFJUMzJTg5bmVyZ2llJTNDJTJGT1BUSU9OJTNFJTBBJTNDJTJGU0VMRUNUJTNFJTBBJTNDJTJGRk9STSUzRSUwQSUwOSUwOSUwQSUwOSUzQyUyRmRpdiUzRQ==[\/vc_raw_html][\/vc_column][\/vc_row][vc_row full_width=\u00a0\u00bbstretch_row_content_no_spaces\u00a0\u00bb css=\u00a0\u00bb.vc_custom_1608124672431{margin-bottom: 50px !important;padding-right: 30px !important;padding-left: 30px !important;}\u00a0\u00bb][vc_column][vc_masonry_grid post_type=\u00a0\u00bbhtml5-blank\u00a0\u00bb max_items=\u00a0\u00bb-1&Prime; show_filter=\u00a0\u00bbyes\u00a0\u00bb element_width=\u00a0\u00bb3&Prime; gap=\u00a0\u00bb20&Prime; item=\u00a0\u00bb1440&Prime; grid_id=\u00a0\u00bbvc_gid:1702636996423-be2e5d7e-bcb4-1&Prime; filter_source=\u00a0\u00bbcategory\u00a0\u00bb][\/vc_column][\/vc_row]<\/p>\n<!-- WPMSNGI:: This input got made by wpms-network-global-inserts It is a WordPress Plugin, you will find your Plugins @ www.wordpress.org ... Information about the Plugin you will find @ www.ruben-storm.de Thank you for using this Plungin--><\/div>","protected":false},"excerpt":{"rendered":"[vc_row][vc_column][vc_raw_html]JTNDZGl2JTIwY2xhc3MlM0QlMjJmaWx0cmVwZXJzbyUyMiUzRSUwQSUwOSUwOSUzQ0ZPUk0lM0UlMEElM0NTRUxFQ1QlMjBuYW1lJTNEJTIybm9tJTIyJTIwc2l6ZSUzRCUyMjElMjIlMjBpZCUzRCUyMnJlZnNlbGVjdGdlbyUyMiUzRSUwQSUzQ09QVElPTiUyMHZhbHVlJTNEJTIyLnZjX2dyaWQtaXRlbSUyMiUzRUdlb2dyYXBoeSUzQyUyRk9QVElPTiUzRSUwQSUzQ09QVElPTiUyMHZhbHVlJTNEJTIyLnZjX2dyaWQtdGVybS0yOCUyMiUzRUFmcmljYSUzQyUyRk9QVElPTiUzRSUwQSUzQ09QVElPTiUyMHZhbHVlJTNEJTIyLnZjX2dyaWQtdGVybS00MSUyMiUzRUFtZXJpY2ElM0MlMkZPUFRJT04lM0UlMEElM0NPUFRJT04lMjB2YWx1ZSUzRCUyMi52Y19ncmlkLXRlcm0tNDIlMjIlM0VBc2lhJTNDJTJGT1BUSU9OJTNFJTBBJTNDT1BUSU9OJTIwdmFsdWUlM0QlMjIudmNfZ3JpZC10ZXJtLTQzJTIyJTNFRXVyb3BlJTNDJTJGT1BUSU9OJTNFJTBBJTNDJTJGU0VMRUNUJTNFJTBBJTNDJTJGRk9STSUzRSUwQSUwOSUwOSUzQ0ZPUk0lM0UlMEElM0NTRUxFQ1QlMjBuYW1lJTNEJTIybm9tJTIyJTIwc2l6ZSUzRCUyMjElMjIlMjBpZCUzRCUyMnJlZnNlbGVjdG1ldGllcnMlMjIlM0UlMEElM0NPUFRJT04lMjB2YWx1ZSUzRCUyMi52Y19ncmlkLWl0ZW0lMjIlM0VNJUMzJUE5dGllcnMlM0MlMkZPUFRJT04lM0UlMEElM0NPUFRJT04lMjB2YWx1ZSUzRCUyMi52Y19ncmlkLXRlcm0tMTYlMjIlM0VFYXUlMjBwb3RhYmxlJTNDJTJGT1BUSU9OJTNFJTBBJTNDT1BUSU9OJTIwdmFsdWUlM0QlMjIudmNfZ3JpZC10ZXJtLTE5JTIyJTNFJUMzJTg5bmVyZ2llJTNDJTJGT1BUSU9OJTNFJTBBJTNDJTJGU0VMRUNUJTNFJTBBJTNDJTJGRk9STSUzRSUwQSUwOSUwOSUwQSUwOSUzQyUyRmRpdiUzRQ==[\/vc_raw_html][\/vc_column][\/vc_row][vc_row full_width=\u00a0\u00bbstretch_row_content_no_spaces\u00a0\u00bb css=\u00a0\u00bb.vc_custom_1608124672431{margin-bottom: 50px !important;padding-right: 30px !important;padding-left: 30px !important;}\u00a0\u00bb][vc_column][vc_masonry_grid post_type=\u00a0\u00bbhtml5-blank\u00a0\u00bb max_items=\u00a0\u00bb-1&Prime; show_filter=\u00a0\u00bbyes\u00a0\u00bb element_width=\u00a0\u00bb3&Prime; gap=\u00a0\u00bb20&Prime; item=\u00a0\u00bb1440&Prime; grid_id=\u00a0\u00bbvc_gid:1702636996423-be2e5d7e-bcb4-1&Prime; filter_source=\u00a0\u00bbcategory\u00a0\u00bb][\/vc_column][\/vc_row]","protected":false},"author":1,"featured_media":0,"parent":0,"menu_order":0,"comment_status":"closed","ping_status":"closed","template":"","meta":{"footnotes":""},"class_list":["post-17","page","type-page","status-publish","hentry"],"yoast_head":"<!-- This site is optimized with the Yoast SEO plugin v24.6 - https:\/\/yoast.com\/wordpress\/plugins\/seo\/ -->\n<title>R\u00e9f\u00e9rences - Aquaenergia<\/title>\n<meta name=\"description\" content=\"D\u00e9couvrez les chantiers r\u00e9cents r\u00e9alis\u00e9s par les \u00e9quipes de Aquaenergia.\" \/>\n<meta name=\"robots\" content=\"noindex, follow, max-snippet:-1, max-image-preview:large, max-video-preview:-1\" \/>\n<meta property=\"og:locale\" content=\"fr_FR\" \/>\n<meta property=\"og:type\" content=\"article\" \/>\n<meta property=\"og:title\" content=\"R\u00e9f\u00e9rences - Aquaenergia\" \/>\n<meta property=\"og:description\" content=\"D\u00e9couvrez les chantiers r\u00e9cents r\u00e9alis\u00e9s par les \u00e9quipes de Aquaenergia.\" \/>\n<meta property=\"og:url\" content=\"https:\/\/www.aquaenergia.be\/fr\/references\/\" \/>\n<meta property=\"og:site_name\" content=\"Aquaenergia\" \/>\n<meta property=\"article:modified_time\" content=\"2023-12-20T10:05:40+00:00\" \/>\n<meta property=\"og:image\" content=\"https:\/\/www.aquaenergia.be\/wp-content\/uploads\/sites\/43\/2023\/12\/aquaenergia.png\" \/>\n\t<meta property=\"og:image:width\" content=\"3466\" \/>\n\t<meta property=\"og:image:height\" content=\"1180\" \/>\n\t<meta property=\"og:image:type\" content=\"image\/png\" \/>\n<meta name=\"twitter:card\" content=\"summary_large_image\" \/>\n<meta name=\"twitter:site\" content=\"@sadecgth\" \/>\n<meta name=\"twitter:label1\" content=\"Dur\u00e9e de lecture estim\u00e9e\" \/>\n\t<meta name=\"twitter:data1\" content=\"1 minute\" \/>\n<script type=\"application\/ld+json\" class=\"yoast-schema-graph\">{\"@context\":\"https:\/\/schema.org\",\"@graph\":[{\"@type\":\"WebPage\",\"@id\":\"https:\/\/www.aquaenergia.be\/fr\/references\/\",\"url\":\"https:\/\/www.aquaenergia.be\/fr\/references\/\",\"name\":\"R\u00e9f\u00e9rences - Aquaenergia\",\"isPartOf\":{\"@id\":\"https:\/\/www.aquaenergia.be\/#website\"},\"datePublished\":\"2020-06-17T14:10:08+00:00\",\"dateModified\":\"2023-12-20T10:05:40+00:00\",\"description\":\"D\u00e9couvrez les chantiers r\u00e9cents r\u00e9alis\u00e9s par les \u00e9quipes de Aquaenergia.\",\"breadcrumb\":{\"@id\":\"https:\/\/www.aquaenergia.be\/fr\/references\/#breadcrumb\"},\"inLanguage\":\"fr-FR\",\"potentialAction\":[{\"@type\":\"ReadAction\",\"target\":[\"https:\/\/www.aquaenergia.be\/fr\/references\/\"]}]},{\"@type\":\"BreadcrumbList\",\"@id\":\"https:\/\/www.aquaenergia.be\/fr\/references\/#breadcrumb\",\"itemListElement\":[{\"@type\":\"ListItem\",\"position\":1,\"name\":\"Accueil\",\"item\":\"https:\/\/www.aquaenergia.be\/fr\/\"},{\"@type\":\"ListItem\",\"position\":2,\"name\":\"R\u00e9f\u00e9rences\"}]},{\"@type\":\"WebSite\",\"@id\":\"https:\/\/www.aquaenergia.be\/#website\",\"url\":\"https:\/\/www.aquaenergia.be\/\",\"name\":\"Aquaenergia\",\"description\":\"\",\"publisher\":{\"@id\":\"https:\/\/www.aquaenergia.be\/#organization\"},\"potentialAction\":[{\"@type\":\"SearchAction\",\"target\":{\"@type\":\"EntryPoint\",\"urlTemplate\":\"https:\/\/www.aquaenergia.be\/?s={search_term_string}\"},\"query-input\":{\"@type\":\"PropertyValueSpecification\",\"valueRequired\":true,\"valueName\":\"search_term_string\"}}],\"inLanguage\":\"fr-FR\"},{\"@type\":\"Organization\",\"@id\":\"https:\/\/www.aquaenergia.be\/#organization\",\"name\":\"AQUAENERGIA\",\"url\":\"https:\/\/www.aquaenergia.be\/\",\"logo\":{\"@type\":\"ImageObject\",\"inLanguage\":\"fr-FR\",\"@id\":\"https:\/\/www.aquaenergia.be\/#\/schema\/logo\/image\/\",\"url\":\"https:\/\/www.aquaenergia.be\/wp-content\/uploads\/sites\/43\/2023\/12\/cropped-favicon.png\",\"contentUrl\":\"https:\/\/www.aquaenergia.be\/wp-content\/uploads\/sites\/43\/2023\/12\/cropped-favicon.png\",\"width\":512,\"height\":512,\"caption\":\"AQUAENERGIA\"},\"image\":{\"@id\":\"https:\/\/www.aquaenergia.be\/#\/schema\/logo\/image\/\"},\"sameAs\":[\"https:\/\/x.com\/sadecgth\",\"https:\/\/www.instagram.com\/sadecgth\",\"https:\/\/fr.linkedin.com\/company\/sade\",\"https:\/\/www.youtube.com\/channel\/UCt0AEHEpfgRE3pADxCZvXnQ\"]}]}<\/script>\n<!-- \/ Yoast SEO plugin. -->","yoast_head_json":{"title":"R\u00e9f\u00e9rences - Aquaenergia","description":"D\u00e9couvrez les chantiers r\u00e9cents r\u00e9alis\u00e9s par les \u00e9quipes de Aquaenergia.","robots":{"index":"noindex","follow":"follow","max-snippet":"max-snippet:-1","max-image-preview":"max-image-preview:large","max-video-preview":"max-video-preview:-1"},"og_locale":"fr_FR","og_type":"article","og_title":"R\u00e9f\u00e9rences - Aquaenergia","og_description":"D\u00e9couvrez les chantiers r\u00e9cents r\u00e9alis\u00e9s par les \u00e9quipes de Aquaenergia.","og_url":"https:\/\/www.aquaenergia.be\/fr\/references\/","og_site_name":"Aquaenergia","article_modified_time":"2023-12-20T10:05:40+00:00","og_image":[{"width":3466,"height":1180,"url":"https:\/\/www.aquaenergia.be\/wp-content\/uploads\/sites\/43\/2023\/12\/aquaenergia.png","type":"image\/png"}],"twitter_card":"summary_large_image","twitter_site":"@sadecgth","twitter_misc":{"Dur\u00e9e de lecture estim\u00e9e":"1 minute"},"schema":{"@context":"https:\/\/schema.org","@graph":[{"@type":"WebPage","@id":"https:\/\/www.aquaenergia.be\/fr\/references\/","url":"https:\/\/www.aquaenergia.be\/fr\/references\/","name":"R\u00e9f\u00e9rences - Aquaenergia","isPartOf":{"@id":"https:\/\/www.aquaenergia.be\/#website"},"datePublished":"2020-06-17T14:10:08+00:00","dateModified":"2023-12-20T10:05:40+00:00","description":"D\u00e9couvrez les chantiers r\u00e9cents r\u00e9alis\u00e9s par les \u00e9quipes de Aquaenergia.","breadcrumb":{"@id":"https:\/\/www.aquaenergia.be\/fr\/references\/#breadcrumb"},"inLanguage":"fr-FR","potentialAction":[{"@type":"ReadAction","target":["https:\/\/www.aquaenergia.be\/fr\/references\/"]}]},{"@type":"BreadcrumbList","@id":"https:\/\/www.aquaenergia.be\/fr\/references\/#breadcrumb","itemListElement":[{"@type":"ListItem","position":1,"name":"Accueil","item":"https:\/\/www.aquaenergia.be\/fr\/"},{"@type":"ListItem","position":2,"name":"R\u00e9f\u00e9rences"}]},{"@type":"WebSite","@id":"https:\/\/www.aquaenergia.be\/#website","url":"https:\/\/www.aquaenergia.be\/","name":"Aquaenergia","description":"","publisher":{"@id":"https:\/\/www.aquaenergia.be\/#organization"},"potentialAction":[{"@type":"SearchAction","target":{"@type":"EntryPoint","urlTemplate":"https:\/\/www.aquaenergia.be\/?s={search_term_string}"},"query-input":{"@type":"PropertyValueSpecification","valueRequired":true,"valueName":"search_term_string"}}],"inLanguage":"fr-FR"},{"@type":"Organization","@id":"https:\/\/www.aquaenergia.be\/#organization","name":"AQUAENERGIA","url":"https:\/\/www.aquaenergia.be\/","logo":{"@type":"ImageObject","inLanguage":"fr-FR","@id":"https:\/\/www.aquaenergia.be\/#\/schema\/logo\/image\/","url":"https:\/\/www.aquaenergia.be\/wp-content\/uploads\/sites\/43\/2023\/12\/cropped-favicon.png","contentUrl":"https:\/\/www.aquaenergia.be\/wp-content\/uploads\/sites\/43\/2023\/12\/cropped-favicon.png","width":512,"height":512,"caption":"AQUAENERGIA"},"image":{"@id":"https:\/\/www.aquaenergia.be\/#\/schema\/logo\/image\/"},"sameAs":["https:\/\/x.com\/sadecgth","https:\/\/www.instagram.com\/sadecgth","https:\/\/fr.linkedin.com\/company\/sade","https:\/\/www.youtube.com\/channel\/UCt0AEHEpfgRE3pADxCZvXnQ"]}]}},"_links":{"self":[{"href":"https:\/\/www.aquaenergia.be\/fr\/wp-json\/wp\/v2\/pages\/17"}],"collection":[{"href":"https:\/\/www.aquaenergia.be\/fr\/wp-json\/wp\/v2\/pages"}],"about":[{"href":"https:\/\/www.aquaenergia.be\/fr\/wp-json\/wp\/v2\/types\/page"}],"author":[{"embeddable":true,"href":"https:\/\/www.aquaenergia.be\/fr\/wp-json\/wp\/v2\/users\/1"}],"replies":[{"embeddable":true,"href":"https:\/\/www.aquaenergia.be\/fr\/wp-json\/wp\/v2\/comments?post=17"}],"version-history":[{"count":0,"href":"https:\/\/www.aquaenergia.be\/fr\/wp-json\/wp\/v2\/pages\/17\/revisions"}],"wp:attachment":[{"href":"https:\/\/www.aquaenergia.be\/fr\/wp-json\/wp\/v2\/media?parent=17"}],"curies":[{"name":"wp","href":"https:\/\/api.w.org\/{rel}","templated":true}]}}