{"id":28,"date":"2020-06-17T16:11:11","date_gmt":"2020-06-17T14:11:11","guid":{"rendered":"https:\/\/www.sade-cgth.fr\/sodraep\/?page_id=28"},"modified":"2023-12-20T11:09:37","modified_gmt":"2023-12-20T10:09:37","slug":"contact","status":"publish","type":"page","link":"https:\/\/www.aquaenergia.be\/fr\/contact\/","title":{"rendered":"Contact"},"content":{"rendered":"<div class=\"wpb-content-wrapper\"><p>[vc_row full_height=\u00a0\u00bbyes\u00a0\u00bb bg_type=\u00a0\u00bbimage\u00a0\u00bb parallax_style=\u00a0\u00bbvcpb-default\u00a0\u00bb bg_image_new=\u00a0\u00bbid^11673|url^https:\/\/www.sade-cgth.fr\/aquaenergia\/wp-content\/uploads\/sites\/43\/2023\/12\/R_Formulaire-contact.jpg|caption^null|alt^null|title^R_Formulaire-contact|description^null\u00a0\u00bb bg_image_repeat=\u00a0\u00bbno-repeat\u00a0\u00bb bg_img_attach=\u00a0\u00bbfixed\u00a0\u00bb bg_override=\u00a0\u00bbex-full\u00a0\u00bb enable_overlay=\u00a0\u00bbenable_overlay_value\u00a0\u00bb overlay_pattern=\u00a0\u00bb05.png\u00a0\u00bb overlay_pattern_opacity=\u00a0\u00bb50&Prime; css=\u00a0\u00bb.vc_custom_1702461461092{margin-right: 0px !important;margin-left: 0px !important;padding-right: 0px !important;padding-left: 0px !important;}\u00a0\u00bb][vc_column][vc_row_inner css=\u00a0\u00bb.vc_custom_1596156392708{margin-right: 0px !important;margin-left: 0px !important;padding-right: 0px !important;padding-left: 0px !important;}\u00a0\u00bb][vc_column_inner][vc_column_text el_class=\u00a0\u00bbobliga\u00a0\u00bb]* information obligatoire[\/vc_column_text][vc_column_text]<\/p>\n<div class=\"caldera-grid\" id=\"caldera_form_1\" data-cf-ver=\"1.9.7\" data-cf-form-id=\"CF624c0cc9aee95\"><div id=\"caldera_notices_1\" data-spinner=\"https:\/\/www.aquaenergia.be\/wp-admin\/images\/spinner.gif\"><\/div><form data-instance=\"1\" class=\"CF624c0cc9aee95 caldera_forms_form cfajax-trigger\" method=\"POST\" enctype=\"multipart\/form-data\" id=\"CF624c0cc9aee95_1\" data-form-id=\"CF624c0cc9aee95\" aria-label=\"Contact FR\" data-target=\"#caldera_notices_1\" data-template=\"#cfajax_CF624c0cc9aee95-tmpl\" data-cfajax=\"CF624c0cc9aee95\" data-load-element=\"_parent\" data-load-class=\"cf_processing\" data-post-disable=\"0\" data-action=\"cf_process_ajax_submit\" data-request=\"https:\/\/www.aquaenergia.be\/fr\/\/cf-api\/CF624c0cc9aee95\">\r\n<input type=\"hidden\" id=\"_cf_verify_CF624c0cc9aee95\" name=\"_cf_verify\" value=\"9c4bab9d78\"  data-nonce-time=\"1777551609\" \/><input type=\"hidden\" name=\"_wp_http_referer\" value=\"\/fr\/wp-json\/wp\/v2\/pages\/28\" \/><div id=\"cf2-CF624c0cc9aee95_1\"><\/div><input type=\"hidden\" name=\"_cf_frm_id\" value=\"CF624c0cc9aee95\">\r\n<input type=\"hidden\" name=\"_cf_frm_ct\" value=\"1\">\r\n<input type=\"hidden\" name=\"cfajax\" value=\"CF624c0cc9aee95\">\r\n<input type=\"hidden\" name=\"_cf_cr_pst\" value=\"28\">\r\n<div class=\"hide\" style=\"display:none; overflow:hidden;height:0;width:0;\">\r\n<label>Phone<\/label><input type=\"text\" name=\"phone\" value=\"\" autocomplete=\"off\">\r\n<\/div><div id=\"CF624c0cc9aee95_1-row-1\"  class=\"row  single\"><div  class=\"col-sm-6  first_col\"><div class=\"\"><h3>Identification<\/h3>\n<\/div><div data-field-wrapper=\"fld_618851\" class=\"form-group\" id=\"fld_618851_1-wrap\">\r\n<label id=\"fld_618851Label\" for=\"fld_618851_1\" class=\"control-label screen-reader-text sr-only\">Civilit\u00e9<\/label>\r\n<div class=\"\">\r\n\t\t\t\t\t<div class=\"radio\">\n\t\t\t\t<label data-label=\"Mme\" for=\"fld_618851_1_opt1070369\"><input type=\"radio\" id=\"fld_618851_1_opt1070369\" data-field=\"fld_618851\" class=\"fld_618851_1 option-required\" name=\"fld_618851\" value=\"Mme\"   required=\"required\" data-radio-field=\"fld_618851_1\" data-type=\"radio\" data-calc-value=\"Mme\" \/>\n\t\t\tMme\t\t<\/label>\n\t\t\t\t\t<\/div>\n\t\t\t\t\t\t\t\t\t<div class=\"radio\">\n\t\t\t\t<label data-label=\"M.\" for=\"fld_618851_1_opt1759300\"><input type=\"radio\" id=\"fld_618851_1_opt1759300\" data-field=\"fld_618851\" class=\"fld_618851_1 option-required\" name=\"fld_618851\" value=\"M.\" checked=\"checked\"  required=\"required\" data-radio-field=\"fld_618851_1\" data-type=\"radio\" data-calc-value=\"M.\" \/>\n\t\t\tM.\t\t<\/label>\n\t\t\t\t\t<\/div>\n\t\t\t\t<\/div>\r\n<\/div>\r\n<div data-field-wrapper=\"fld_4863685\" class=\"form-group\" id=\"fld_4863685_1-wrap\">\r\n\t<label id=\"fld_4863685Label\" for=\"fld_4863685_1\" class=\"control-label screen-reader-text sr-only\">Pr\u00e9nom*<\/label>\r\n\t<div class=\"\">\r\n\t\t<input placeholder=\"Pr\u00e9nom*\"  required type=\"text\" data-field=\"fld_4863685\" class=\" form-control\" id=\"fld_4863685_1\" name=\"fld_4863685\" value=\"\" data-type=\"text\" aria-required=\"true\"   aria-labelledby=\"fld_4863685Label\" >\t\t\t<\/div>\r\n<\/div>\r\n<div data-field-wrapper=\"fld_5539419\" class=\"form-group\" id=\"fld_5539419_1-wrap\">\r\n\t<label id=\"fld_5539419Label\" for=\"fld_5539419_1\" class=\"control-label screen-reader-text sr-only\">Nom<\/label>\r\n\t<div class=\"\">\r\n\t\t<input placeholder=\"Nom*\"  required type=\"text\" data-field=\"fld_5539419\" class=\" form-control\" id=\"fld_5539419_1\" name=\"fld_5539419\" value=\"\" data-type=\"text\" aria-required=\"true\"   aria-labelledby=\"fld_5539419Label\" >\t\t\t<\/div>\r\n<\/div>\r\n<div data-field-wrapper=\"fld_5092219\" class=\"form-group\" id=\"fld_5092219_1-wrap\">\r\n\t<label id=\"fld_5092219Label\" for=\"fld_5092219_1\" class=\"control-label screen-reader-text sr-only\">Adresse e-mail<\/label>\r\n\t<div class=\"\">\r\n\t\t<input placeholder=\"Adresse e-mail*\"  required type=\"email\" data-field=\"fld_5092219\" class=\" form-control\" id=\"fld_5092219_1\" name=\"fld_5092219\" value=\"\" data-type=\"email\" aria-required=\"true\"   aria-labelledby=\"fld_5092219Label\" >\t\t\t<\/div>\r\n<\/div>\r\n<div data-field-wrapper=\"fld_3776315\" class=\"form-group\" id=\"fld_3776315_1-wrap\">\r\n\t<label id=\"fld_3776315Label\" for=\"fld_3776315_1\" class=\"control-label screen-reader-text sr-only\">T\u00e9l\u00e9phone<\/label>\r\n\t<div class=\"\">\r\n\t\t<input placeholder=\"T\u00e9l\u00e9phone*\"  required type=\"tel\" data-field=\"fld_3776315\" class=\" form-control\" id=\"fld_3776315_1\" name=\"fld_3776315\" value=\"\" data-type=\"tel\" aria-required=\"true\"   aria-labelledby=\"fld_3776315Label\" >\t\t\t<\/div>\r\n<\/div>\r\n<div data-field-wrapper=\"fld_8528185\" class=\"form-group\" id=\"fld_8528185_1-wrap\">\r\n\t<label id=\"fld_8528185Label\" for=\"fld_8528185_1\" class=\"control-label screen-reader-text sr-only\">Soci\u00e9t\u00e9<\/label>\r\n\t<div class=\"\">\r\n\t\t<input placeholder=\"Soci\u00e9t\u00e9\"   type=\"text\" data-field=\"fld_8528185\" class=\" form-control\" id=\"fld_8528185_1\" name=\"fld_8528185\" value=\"\" data-type=\"text\"   aria-labelledby=\"fld_8528185Label\" >\t\t\t<\/div>\r\n<\/div>\r\n<hr id=\"fld_4022512_1\" class=\"\" style=\"width: 100%\" \/><\/div><div  class=\"col-sm-6  last_col\"><div class=\"\"><h3>Message<\/h3>\n<\/div><div data-field-wrapper=\"fld_377457\" class=\"form-group\" id=\"fld_377457_1-wrap\">\r\n\t<label id=\"fld_377457Label\" for=\"fld_377457_1\" class=\"control-label screen-reader-text sr-only\">Objet<\/label>\r\n\t<div class=\"\">\r\n\t\t<input placeholder=\"Objet*\"  required type=\"text\" data-field=\"fld_377457\" class=\" form-control\" id=\"fld_377457_1\" name=\"fld_377457\" value=\"\" data-type=\"text\" aria-required=\"true\"   aria-labelledby=\"fld_377457Label\" >\t\t\t<\/div>\r\n<\/div>\r\n<div data-field-wrapper=\"fld_3712761\" class=\"form-group\" id=\"fld_3712761_1-wrap\">\r\n\t<label id=\"fld_3712761Label\" for=\"fld_3712761_1\" class=\"control-label screen-reader-text sr-only\">Votre message<\/label>\r\n\t<div class=\"\">\r\n\t\t<textarea name=\"fld_3712761\" value=\"\" data-field=\"fld_3712761\" class=\"form-control\" id=\"fld_3712761_1\" rows=\"4\" placeholder=\"Votre message*\"  required=\"required\"  aria-labelledby=\"fld_3712761Label\" ><\/textarea>\n\t\t\t<\/div>\r\n<\/div>\r\n<div data-field-wrapper=\"fld_1099292\" class=\"form-group\" id=\"fld_1099292_1-wrap\">\r\n<div class=\"\">\r\n\n<div class=\"checkbox-inline caldera-forms-consent-field\">\n    <input data-parsley-required=\"true\" data-parsley-group=\"fld_1099292_1\" data-parsley-multiple=\"fld_1099292_1\"        type=\"checkbox\" data-label=\"mentions\"\n        data-field=\"fld_1099292\"\n        id=\"fld_1099292_1\"\n        class=\"fld_1099292_1 option-required\"\n        name=\"fld_1099292\"\n        value=\"1\"\n        data-type=\"checkbox\"\n        data-checkbox-field=\"fld_1099292_1\"\n    >\n    <label for=\"fld_1099292_1\"\n           class=\"caldera-forms-gdpr-field-label\"\n           style=\"display:inline; margin-left: 0.5rem;\"\n    >\n                <p\n            class=\"caldera-forms-consent-field-agreement\"\n        >\n            En compl\u00e9tant ce formulaire, vous consentez \u00e0 ce que vos donn\u00e9es soient collect\u00e9es et trait\u00e9es.        <\/p>\n        <a href=\"https:\/\/www.aquaenergia.be\/fr\/politique-de-confidentialite\/\"\n           target=\"_blank\"\n                title=\"Page de politique de confidentialit\u00e9\"\n            class=\"caldera-forms-consent-field-linked_text\"\n            >\n            Lire notre politique de protection des donn\u00e9es.        <\/a>\n    <\/label>\n    <span style=\"color:#ff0000;\">*<\/span>\n<\/div>\n\n<\/div>\r\n<\/div>\r\n<div data-field-wrapper=\"fld_606876\" class=\"form-group\" id=\"fld_606876_1-wrap\">\r\n<div class=\"\">\r\n\t<input  class=\"btn btn-default\" type=\"submit\" name=\"fld_606876\" id=\"fld_606876_1\" value=\"Envoyer\" data-field=\"fld_606876\"  >\n<\/div>\r\n<\/div>\r\n\t<input class=\"button_trigger_1\" type=\"hidden\" name=\"fld_606876\" id=\"fld_606876_1_btn\" value=\"\" data-field=\"fld_606876\"  \/>\n<\/div><\/div><\/form>\r\n<\/div>\r\n\n<p>[\/vc_column_text][vc_column_text el_class=\u00a0\u00bbdirection\u00a0\u00bb]<\/p>\n<p style=\"text-align: center;\">AQUAENERGIA &#8211; Genebroekstraat 101 &#8211; 3581 Beverlo (Beringen)<\/p>\n<p>[\/vc_column_text][\/vc_column_inner][\/vc_row_inner][\/vc_column][\/vc_row]<\/p>\n<!-- WPMSNGI:: This input got made by wpms-network-global-inserts It is a WordPress Plugin, you will find your Plugins @ www.wordpress.org ... Information about the Plugin you will find @ www.ruben-storm.de Thank you for using this Plungin--><\/div>","protected":false},"excerpt":{"rendered":"[vc_row full_height=\u00a0\u00bbyes\u00a0\u00bb bg_type=\u00a0\u00bbimage\u00a0\u00bb parallax_style=\u00a0\u00bbvcpb-default\u00a0\u00bb bg_image_new=\u00a0\u00bbid^11673|url^https:\/\/www.sade-cgth.fr\/aquaenergia\/wp-content\/uploads\/sites\/43\/2023\/12\/R_Formulaire-contact.jpg|caption^null|alt^null|title^R_Formulaire-contact|description^null\u00a0\u00bb bg_image_repeat=\u00a0\u00bbno-repeat\u00a0\u00bb bg_img_attach=\u00a0\u00bbfixed\u00a0\u00bb bg_override=\u00a0\u00bbex-full\u00a0\u00bb enable_overlay=\u00a0\u00bbenable_overlay_value\u00a0\u00bb overlay_pattern=\u00a0\u00bb05.png\u00a0\u00bb overlay_pattern_opacity=\u00a0\u00bb50&Prime; css=\u00a0\u00bb.vc_custom_1702461461092{margin-right: 0px !important;margin-left: 0px !important;padding-right: 0px !important;padding-left: 0px !important;}\u00a0\u00bb][vc_column][vc_row_inner css=\u00a0\u00bb.vc_custom_1596156392708{margin-right: 0px !important;margin-left: 0px !important;padding-right: 0px !important;padding-left: 0px !important;}\u00a0\u00bb][vc_column_inner][vc_column_text el_class=\u00a0\u00bbobliga\u00a0\u00bb]* information obligatoire[\/vc_column_text][vc_column_text] [\/vc_column_text][vc_column_text el_class=\u00a0\u00bbdirection\u00a0\u00bb] AQUAENERGIA &#8211; Genebroekstraat 101 &#8211; 3581 Beverlo (Beringen) [\/vc_column_text][\/vc_column_inner][\/vc_row_inner][\/vc_column][\/vc_row]","protected":false},"author":1,"featured_media":0,"parent":0,"menu_order":0,"comment_status":"closed","ping_status":"closed","template":"","meta":{"footnotes":""},"class_list":["post-28","page","type-page","status-publish","hentry"],"yoast_head":"<!-- This site is optimized with the Yoast SEO plugin v24.6 - https:\/\/yoast.com\/wordpress\/plugins\/seo\/ -->\n<title>Contact - Aquaenergia<\/title>\n<meta name=\"description\" content=\"Une question ? Un projet ? Pour contacter Aquaenergia, compl\u00e9tez le formulaire et nous reviendrons rapidement vers vous !\" \/>\n<meta name=\"robots\" content=\"noindex, follow, max-snippet:-1, max-image-preview:large, max-video-preview:-1\" \/>\n<meta property=\"og:locale\" content=\"fr_FR\" \/>\n<meta property=\"og:type\" content=\"article\" \/>\n<meta property=\"og:title\" content=\"Contact - Aquaenergia\" \/>\n<meta property=\"og:description\" content=\"Une question ? Un projet ? Pour contacter Aquaenergia, compl\u00e9tez le formulaire et nous reviendrons rapidement vers vous !\" \/>\n<meta property=\"og:url\" content=\"https:\/\/www.aquaenergia.be\/fr\/contact\/\" \/>\n<meta property=\"og:site_name\" content=\"Aquaenergia\" \/>\n<meta property=\"article:modified_time\" content=\"2023-12-20T10:09:37+00:00\" \/>\n<meta property=\"og:image\" content=\"https:\/\/www.aquaenergia.be\/wp-content\/uploads\/sites\/43\/2023\/12\/aquaenergia.png\" \/>\n\t<meta property=\"og:image:width\" content=\"3466\" \/>\n\t<meta property=\"og:image:height\" content=\"1180\" \/>\n\t<meta property=\"og:image:type\" content=\"image\/png\" \/>\n<meta name=\"twitter:card\" content=\"summary_large_image\" \/>\n<meta name=\"twitter:site\" content=\"@sadecgth\" \/>\n<meta name=\"twitter:label1\" content=\"Dur\u00e9e de lecture estim\u00e9e\" \/>\n\t<meta name=\"twitter:data1\" content=\"1 minute\" \/>\n<script type=\"application\/ld+json\" class=\"yoast-schema-graph\">{\"@context\":\"https:\/\/schema.org\",\"@graph\":[{\"@type\":\"WebPage\",\"@id\":\"https:\/\/www.aquaenergia.be\/fr\/contact\/\",\"url\":\"https:\/\/www.aquaenergia.be\/fr\/contact\/\",\"name\":\"Contact - Aquaenergia\",\"isPartOf\":{\"@id\":\"https:\/\/www.aquaenergia.be\/#website\"},\"datePublished\":\"2020-06-17T14:11:11+00:00\",\"dateModified\":\"2023-12-20T10:09:37+00:00\",\"description\":\"Une question ? Un projet ? Pour contacter Aquaenergia, compl\u00e9tez le formulaire et nous reviendrons rapidement vers vous !\",\"breadcrumb\":{\"@id\":\"https:\/\/www.aquaenergia.be\/fr\/contact\/#breadcrumb\"},\"inLanguage\":\"fr-FR\",\"potentialAction\":[{\"@type\":\"ReadAction\",\"target\":[\"https:\/\/www.aquaenergia.be\/fr\/contact\/\"]}]},{\"@type\":\"BreadcrumbList\",\"@id\":\"https:\/\/www.aquaenergia.be\/fr\/contact\/#breadcrumb\",\"itemListElement\":[{\"@type\":\"ListItem\",\"position\":1,\"name\":\"Accueil\",\"item\":\"https:\/\/www.aquaenergia.be\/fr\/\"},{\"@type\":\"ListItem\",\"position\":2,\"name\":\"Contact\"}]},{\"@type\":\"WebSite\",\"@id\":\"https:\/\/www.aquaenergia.be\/#website\",\"url\":\"https:\/\/www.aquaenergia.be\/\",\"name\":\"Aquaenergia\",\"description\":\"\",\"publisher\":{\"@id\":\"https:\/\/www.aquaenergia.be\/#organization\"},\"potentialAction\":[{\"@type\":\"SearchAction\",\"target\":{\"@type\":\"EntryPoint\",\"urlTemplate\":\"https:\/\/www.aquaenergia.be\/?s={search_term_string}\"},\"query-input\":{\"@type\":\"PropertyValueSpecification\",\"valueRequired\":true,\"valueName\":\"search_term_string\"}}],\"inLanguage\":\"fr-FR\"},{\"@type\":\"Organization\",\"@id\":\"https:\/\/www.aquaenergia.be\/#organization\",\"name\":\"AQUAENERGIA\",\"url\":\"https:\/\/www.aquaenergia.be\/\",\"logo\":{\"@type\":\"ImageObject\",\"inLanguage\":\"fr-FR\",\"@id\":\"https:\/\/www.aquaenergia.be\/#\/schema\/logo\/image\/\",\"url\":\"https:\/\/www.aquaenergia.be\/wp-content\/uploads\/sites\/43\/2023\/12\/cropped-favicon.png\",\"contentUrl\":\"https:\/\/www.aquaenergia.be\/wp-content\/uploads\/sites\/43\/2023\/12\/cropped-favicon.png\",\"width\":512,\"height\":512,\"caption\":\"AQUAENERGIA\"},\"image\":{\"@id\":\"https:\/\/www.aquaenergia.be\/#\/schema\/logo\/image\/\"},\"sameAs\":[\"https:\/\/x.com\/sadecgth\",\"https:\/\/www.instagram.com\/sadecgth\",\"https:\/\/fr.linkedin.com\/company\/sade\",\"https:\/\/www.youtube.com\/channel\/UCt0AEHEpfgRE3pADxCZvXnQ\"]}]}<\/script>\n<!-- \/ Yoast SEO plugin. -->","yoast_head_json":{"title":"Contact - Aquaenergia","description":"Une question ? Un projet ? Pour contacter Aquaenergia, compl\u00e9tez le formulaire et nous reviendrons rapidement vers vous !","robots":{"index":"noindex","follow":"follow","max-snippet":"max-snippet:-1","max-image-preview":"max-image-preview:large","max-video-preview":"max-video-preview:-1"},"og_locale":"fr_FR","og_type":"article","og_title":"Contact - Aquaenergia","og_description":"Une question ? Un projet ? Pour contacter Aquaenergia, compl\u00e9tez le formulaire et nous reviendrons rapidement vers vous !","og_url":"https:\/\/www.aquaenergia.be\/fr\/contact\/","og_site_name":"Aquaenergia","article_modified_time":"2023-12-20T10:09:37+00:00","og_image":[{"width":3466,"height":1180,"url":"https:\/\/www.aquaenergia.be\/wp-content\/uploads\/sites\/43\/2023\/12\/aquaenergia.png","type":"image\/png"}],"twitter_card":"summary_large_image","twitter_site":"@sadecgth","twitter_misc":{"Dur\u00e9e de lecture estim\u00e9e":"1 minute"},"schema":{"@context":"https:\/\/schema.org","@graph":[{"@type":"WebPage","@id":"https:\/\/www.aquaenergia.be\/fr\/contact\/","url":"https:\/\/www.aquaenergia.be\/fr\/contact\/","name":"Contact - Aquaenergia","isPartOf":{"@id":"https:\/\/www.aquaenergia.be\/#website"},"datePublished":"2020-06-17T14:11:11+00:00","dateModified":"2023-12-20T10:09:37+00:00","description":"Une question ? Un projet ? Pour contacter Aquaenergia, compl\u00e9tez le formulaire et nous reviendrons rapidement vers vous !","breadcrumb":{"@id":"https:\/\/www.aquaenergia.be\/fr\/contact\/#breadcrumb"},"inLanguage":"fr-FR","potentialAction":[{"@type":"ReadAction","target":["https:\/\/www.aquaenergia.be\/fr\/contact\/"]}]},{"@type":"BreadcrumbList","@id":"https:\/\/www.aquaenergia.be\/fr\/contact\/#breadcrumb","itemListElement":[{"@type":"ListItem","position":1,"name":"Accueil","item":"https:\/\/www.aquaenergia.be\/fr\/"},{"@type":"ListItem","position":2,"name":"Contact"}]},{"@type":"WebSite","@id":"https:\/\/www.aquaenergia.be\/#website","url":"https:\/\/www.aquaenergia.be\/","name":"Aquaenergia","description":"","publisher":{"@id":"https:\/\/www.aquaenergia.be\/#organization"},"potentialAction":[{"@type":"SearchAction","target":{"@type":"EntryPoint","urlTemplate":"https:\/\/www.aquaenergia.be\/?s={search_term_string}"},"query-input":{"@type":"PropertyValueSpecification","valueRequired":true,"valueName":"search_term_string"}}],"inLanguage":"fr-FR"},{"@type":"Organization","@id":"https:\/\/www.aquaenergia.be\/#organization","name":"AQUAENERGIA","url":"https:\/\/www.aquaenergia.be\/","logo":{"@type":"ImageObject","inLanguage":"fr-FR","@id":"https:\/\/www.aquaenergia.be\/#\/schema\/logo\/image\/","url":"https:\/\/www.aquaenergia.be\/wp-content\/uploads\/sites\/43\/2023\/12\/cropped-favicon.png","contentUrl":"https:\/\/www.aquaenergia.be\/wp-content\/uploads\/sites\/43\/2023\/12\/cropped-favicon.png","width":512,"height":512,"caption":"AQUAENERGIA"},"image":{"@id":"https:\/\/www.aquaenergia.be\/#\/schema\/logo\/image\/"},"sameAs":["https:\/\/x.com\/sadecgth","https:\/\/www.instagram.com\/sadecgth","https:\/\/fr.linkedin.com\/company\/sade","https:\/\/www.youtube.com\/channel\/UCt0AEHEpfgRE3pADxCZvXnQ"]}]}},"_links":{"self":[{"href":"https:\/\/www.aquaenergia.be\/fr\/wp-json\/wp\/v2\/pages\/28"}],"collection":[{"href":"https:\/\/www.aquaenergia.be\/fr\/wp-json\/wp\/v2\/pages"}],"about":[{"href":"https:\/\/www.aquaenergia.be\/fr\/wp-json\/wp\/v2\/types\/page"}],"author":[{"embeddable":true,"href":"https:\/\/www.aquaenergia.be\/fr\/wp-json\/wp\/v2\/users\/1"}],"replies":[{"embeddable":true,"href":"https:\/\/www.aquaenergia.be\/fr\/wp-json\/wp\/v2\/comments?post=28"}],"version-history":[{"count":0,"href":"https:\/\/www.aquaenergia.be\/fr\/wp-json\/wp\/v2\/pages\/28\/revisions"}],"wp:attachment":[{"href":"https:\/\/www.aquaenergia.be\/fr\/wp-json\/wp\/v2\/media?parent=28"}],"curies":[{"name":"wp","href":"https:\/\/api.w.org\/{rel}","templated":true}]}}