{"id":3916,"date":"2020-10-08T15:30:17","date_gmt":"2020-10-08T13:30:17","guid":{"rendered":"https:\/\/www.sade-cgth.fr\/sodraep\/?page_id=3916"},"modified":"2023-12-18T09:19:55","modified_gmt":"2023-12-18T08:19:55","slug":"mentions-legales","status":"publish","type":"page","link":"https:\/\/www.aquaenergia.be\/fr\/mentions-legales\/","title":{"rendered":"Mentions l\u00e9gales"},"content":{"rendered":"<div class=\"wpb-content-wrapper\"><p>[vc_row css=\u00a0\u00bb.vc_custom_1602164538331{margin-top: 50px !important;margin-bottom: 50px !important;}\u00a0\u00bb][vc_column][vc_column_text]<\/p>\n<p class=\"bodytext\">Ce site est mis gracieusement \u00e0 disposition (hors frais de connexion) pour un usage personnel, sous r\u00e9serve du respect des conditions d\u00e9finies ci-apr\u00e8s.<\/p>\n<h3>Informations d\u2019ordre g\u00e9n\u00e9ral<\/h3>\n<p class=\"bodytext\">Le site fournit des informations sur <span style=\"font-weight: 400;\">Aquaenergia<\/span>.<br \/>\nIl est \u00e9dit\u00e9 par <span style=\"font-weight: 400;\">Aquaenergia<\/span> :<\/p>\n<ul>\n<li style=\"font-weight: 400;\" aria-level=\"1\"><span style=\"font-weight: 400;\">Soci\u00e9t\u00e9 Anonyme<\/span><\/li>\n<li style=\"font-weight: 400;\" aria-level=\"1\"><span style=\"font-weight: 400;\">Capital de 300 000 \u20ac<\/span><\/li>\n<li style=\"font-weight: 400;\" aria-level=\"1\"><span style=\"font-weight: 400;\">Num\u00e9ro d&rsquo;entreprise : BE 0423.120.433<\/span><\/li>\n<li style=\"font-weight: 400;\" aria-level=\"1\"><span style=\"font-weight: 400;\">Si\u00e8ge social : Genebroekstraat 101, 3581 &#8211; BEVERLO<\/span><\/li>\n<li style=\"font-weight: 400;\" aria-level=\"1\"><span style=\"font-weight: 400;\">T\u00e9l\u00e9phone : +32 11 40 28 14<\/span><\/li>\n<\/ul>\n<p class=\"bodytext\">Le Directeur de publication est <span style=\"font-weight: 400;\">Dominiek RYELANDT<\/span><\/p>\n<p class=\"bodytext\">Le site est h\u00e9berg\u00e9 par WP Engine :<\/p>\n<ul>\n<li>Si\u00e8ge social : Irongate House, 22-30 Duke\u2019s Place \u2013 London, EC3A 7LP United Kingdom<\/li>\n<\/ul>\n<h3>Limitation de responsabilit\u00e9 et exclusion de garantie<\/h3>\n<p class=\"bodytext\">En tant qu&rsquo;utilisateur du Site vous reconnaissez disposer de la comp\u00e9tence et des moyens n\u00e9cessaires pour acc\u00e9der et utiliser ce Site.<\/p>\n<p><span style=\"font-weight: 400;\">Aquaenergia<\/span> met tout en \u0153uvre pour s\u2019assurer que les informations affich\u00e9es sur ce Site sont exactes et \u00e0 jour, en se r\u00e9servant le droit d\u2019en modifier le contenu \u00e0 tout moment et sans pr\u00e9avis. N\u00e9anmoins, il ne saurait garantir que ces informations sont compl\u00e8tes, ni qu\u2019elles ne seront pas modifi\u00e9es par un tiers (piratage, virus). <span style=\"font-weight: 400;\">Aquaenergia<\/span> d\u00e9cline \u00e9galement toute responsabilit\u00e9 (directe ou indirecte) en cas de retard, d\u2019erreur ou d\u2019omission en ce qui concerne le contenu et l\u2019utilisation de ces pages, de m\u00eame qu\u2019en cas d\u2019interruption ou d\u2019indisponibilit\u00e9 du service.<br \/>\nToutefois, <span style=\"font-weight: 400;\">Aquaenergia<\/span> ne donne aucune garantie ni n\u2019assume aucune responsabilit\u00e9, en aucun cas, quant \u00e0 l\u2019ad\u00e9quation, la s\u00e9quence, l\u2019exactitude, l\u2019absence d\u2019erreurs, la v\u00e9racit\u00e9, l\u2019actualit\u00e9, le caract\u00e8re loyal et commercial, la qualit\u00e9, le bien-fond\u00e9, et la disponibilit\u00e9 des informations contenues sur ce Site. Chaque internaute assume pleinement les risques li\u00e9s au cr\u00e9dit qu\u2019il accorde \u00e0 ces informations. Des informations erron\u00e9es ou des omissions pourront \u00eatre constat\u00e9es dues notamment \u00e0 des erreurs typographiques ou de mise en page. Si vous constatiez quelques erreurs vous \u00eates invit\u00e9s \u00e0 les lui indiquer pour qu\u2019il soit proc\u00e9d\u00e9 aux corrections appropri\u00e9es.<br \/>\nIl est rappel\u00e9 \u00e9galement que le secret des correspondances n\u2019est pas garanti sur le r\u00e9seau et qu\u2019il appartient \u00e0 chaque utilisateur d\u2019Internet de prendre toutes les mesures appropri\u00e9es de fa\u00e7on \u00e0 prot\u00e9ger ses propres donn\u00e9es et\/ou logiciels de la contamination d\u2019\u00e9ventuels virus circulant sur Internet.<\/p>\n<h3>Propri\u00e9t\u00e9 intellectuelle<\/h3>\n<p class=\"bodytext\">Les \u00e9l\u00e9ments constituant le pr\u00e9sent site (d\u00e9nomm\u00e9s ci-apr\u00e8s le Contenu), d\u00e9velopp\u00e9s pour son compte par <span style=\"font-weight: 400;\">Aquaenergia<\/span>, sont prot\u00e9g\u00e9s par la l\u00e9gislation fran\u00e7aise en mati\u00e8re de droits d\u2019auteur, de droit des marques, de droits des dessins et mod\u00e8les, de concurrence d\u00e9loyale, et d\u2019une mani\u00e8re g\u00e9n\u00e9rale de propri\u00e9t\u00e9 intellectuelle.<br \/>\nLe contenu comprend notamment l\u2019architecture, la charte graphique ainsi que l\u2019ensemble des informations et\u00a0 \u00e9l\u00e9ments disponibles sur le site internet (textes, articles, photographies, illustrations, images, marques, logos, vid\u00e9os \u2026).<br \/>\nCe contenu est la propri\u00e9t\u00e9 d&rsquo;<span style=\"font-weight: 400;\">Aquaenergia<\/span>.<br \/>\nToute reproduction, repr\u00e9sentation, diffusion et\/ou exploitation de ce contenu est interdite, par quelque moyen, sous quelque forme et \u00e0 quelque fin que ce soit, sauf autorisation expresse pr\u00e9alable et \u00e9crite d&rsquo;<span style=\"font-weight: 400;\">Aquaenergia<\/span>.<br \/>\nToute personne ne respectant pas les dispositions l\u00e9gales applicables se rend coupable du d\u00e9lit de contrefa\u00e7on et est passible des sanctions p\u00e9nales pr\u00e9vues par la loi.<\/p>\n<h3>Respect de la vie priv\u00e9e<\/h3>\n<p class=\"bodytext\">En tant qu&rsquo;utilisateur du Site vous \u00eates tenus de respecter les l\u00e9gislations applicables, et notamment les dispositions de la loi relative \u00e0 l&rsquo;informatique, aux fichiers et aux libert\u00e9s, dont la violation est passible de sanctions p\u00e9nales.<br \/>\nVous devez notamment vous abstenir de toute collecte, de toute utilisation d\u00e9tourn\u00e9e, notamment des informations nominatives auxquelles vous acc\u00e9dez, et d&rsquo;une mani\u00e8re g\u00e9n\u00e9rale, de tout acte susceptible de porter atteinte \u00e0 la vie priv\u00e9e, \u00e0 l&rsquo;honneur, \u00e0 la sensibilit\u00e9, \u00e0 l&rsquo;image de marque, \u00e0 la notori\u00e9t\u00e9 de toute personne, physique ou morale, et notamment d&rsquo;<span style=\"font-weight: 400;\">Aquaenergia<\/span>, en \u00e9vitant toute mention, message ou texte diffamant, provocant, malveillant, d\u00e9nigrant ou mena\u00e7ant sur quelque support que ce soit.<\/p>\n<h3>Donn\u00e9es\u00a0personnelles<\/h3>\n<p class=\"bodytext\"><strong>1. Collecte d&rsquo;informations \u00e0 caract\u00e8re personnel<\/strong><\/p>\n<p class=\"bodytext\">Afin de r\u00e9pondre aux besoins des utilisateurs du Site et pendant leur navigation, la soci\u00e9t\u00e9 peut \u00eatre amen\u00e9e \u00e0 demander aux utilisateurs certaines informations personnelles (ex : adresse e-mail). Ces informations sont enregistr\u00e9es pour des finalit\u00e9s licites et l\u00e9gitimes et employ\u00e9es conform\u00e9ment \u00e0 ces finalit\u00e9s. Elles sont ad\u00e9quates, pertinentes et non excessives par rapport \u00e0 ces finalit\u00e9s et font l&rsquo;objet de pr\u00e9cautions de nature \u00e0 en assurer la s\u00e9curit\u00e9, afin d&#8217;emp\u00eacher qu&rsquo;elles puissent \u00eatre modifi\u00e9es, d\u00e9truites ou communiqu\u00e9es \u00e0 des tiers non autoris\u00e9s.<\/p>\n<p class=\"bodytext\">Les donn\u00e9es \u00e0 caract\u00e8re personnel ainsi recueillies sur le Site sont issues de leur enregistrement volontaire par les utilisateurs du Site, permettant de b\u00e9n\u00e9ficier de certains services pr\u00e9sents sur le site, \u00e0 l\u2019exception des adresses IP enregistr\u00e9es automatiquement.<\/p>\n<p class=\"bodytext\"><strong>2. Finalit\u00e9 de la collecte<\/strong><\/p>\n<p class=\"bodytext\">La collecte a pour finalit\u00e9 :<\/p>\n<ul>\n<li>pour les rubriques \u00ab Contact \u00bb, de traiter la demande ;<\/li>\n<li>pour la partie \u00ab Carri\u00e8re \u00bb, si elle existe, de g\u00e9rer les candidatures spontan\u00e9es.<\/li>\n<\/ul>\n<p class=\"bodytext\">Le recueil des donn\u00e9es personnelles a un caract\u00e8re facultatif sauf pour les services cit\u00e9s ci-dessus pour lesquels, la non fourniture des donn\u00e9es personnelles ne permettra pas de d\u00e9livrer le service demand\u00e9.<\/p>\n<p class=\"bodytext\"><strong>3. Destinataire(s) de la collecte<\/strong><\/p>\n<p class=\"bodytext\">Les donn\u00e9es \u00e0 caract\u00e8re personnel collect\u00e9es au moyen des formulaires de contact sont destin\u00e9es aux personnes en charge du traitement de l&rsquo;information au sein de la soci\u00e9t\u00e9.<\/p>\n<p class=\"bodytext\">Les donn\u00e9es \u00e0 caract\u00e8re personnel collect\u00e9es suite aux candidatures spontan\u00e9es effectu\u00e9es dans la rubrique \u00ab Carri\u00e8re \u00bb sont destin\u00e9es aux personnes en charge du recrutement au sein de la soci\u00e9t\u00e9.<\/p>\n<p class=\"bodytext\">Les donn\u00e9es \u00e0 caract\u00e8re personnel collect\u00e9es par la soci\u00e9t\u00e9 sur le Site sont \u00e0 usage purement interne et ne font l&rsquo;objet d&rsquo;aucune communication, cession ou divulgation \u00e0 des tiers, sans l&rsquo;autorisation expresse et \u00e9crite de l&rsquo;utilisateur concern\u00e9, sauf contraintes l\u00e9gales ou judiciaires.<\/p>\n<p class=\"bodytext\"><strong>4. Dur\u00e9e de conservation des informations \u00e0 caract\u00e8re personnel<\/strong><\/p>\n<p class=\"bodytext\">Les donn\u00e9es personnelles seront conserv\u00e9es :<\/p>\n<ul>\n<li>pour la rubrique \u00ab Contact \u00bb, le temps n\u00e9cessaire \u00e0 la gestion de votre demande ;<\/li>\n<li>pour les candidatures spontan\u00e9es dans la partie \u00ab Carri\u00e8re \u00bb, 2 ans apr\u00e8s le d\u00e9p\u00f4t d\u2019une candidature.<\/li>\n<\/ul>\n<p class=\"bodytext\"><strong>5. Vos droits<\/strong><\/p>\n<p class=\"bodytext\">Toute information personnelle que vous serez amen\u00e9 \u00e0 transmettre \u00e0 la soci\u00e9t\u00e9 par l\u2019interm\u00e9diaire du Site est soumise aux dispositions de la loi n\u00b0 78-17 Informatique et Libert\u00e9s du 6 janvier 1978 relative \u00e0 l\u2019informatique, aux fichiers et aux libert\u00e9s, ainsi qu\u2019au R\u00e8glement G\u00e9n\u00e9ral sur la Protection des Donn\u00e9es n\u00b02016\/679 du Parlement europ\u00e9en et du Conseil du 27 avril 2016 (RGPD).<\/p>\n<p class=\"bodytext\">A ce titre, vous disposez d&rsquo;un droit d\u2019acc\u00e8s, de rectification et d\u2019effacement des informations personnelles vous concernant, et dans les conditions l\u00e9gales, d\u2019un droit d\u2019opposition ou de limitation du traitement \u00e0 votre encontre, que vous pouvez exercer \u00e0 tout moment, sous r\u00e9serve de la production d\u2019un justificatif d\u2019identit\u00e9 valide sur simple demande \u00e9crite aupr\u00e8s de : ARGEA \u2013 Protection des Donn\u00e9es \u2013 Guido Gezellestraat 123 \u2013 1654 HUIZINGEN.<\/p>\n<p class=\"bodytext\">Vous disposez \u00e9galement du droit d\u2019introduire une r\u00e9clamation aupr\u00e8s d\u2019une autorit\u00e9 de contr\u00f4le si vous consid\u00e9rez que le traitement de vos donn\u00e9es constitue une violation de la l\u00e9gislation applicable.<\/p>\n<p>[\/vc_column_text][\/vc_column][\/vc_row]<\/p>\n<!-- WPMSNGI:: This input got made by wpms-network-global-inserts It is a WordPress Plugin, you will find your Plugins @ www.wordpress.org ... Information about the Plugin you will find @ www.ruben-storm.de Thank you for using this Plungin--><\/div>","protected":false},"excerpt":{"rendered":"[vc_row css=\u00a0\u00bb.vc_custom_1602164538331{margin-top: 50px !important;margin-bottom: 50px !important;}\u00a0\u00bb][vc_column][vc_column_text] Ce site est mis gracieusement \u00e0 disposition (hors frais de connexion) pour un usage personnel, sous r\u00e9serve du respect des conditions d\u00e9finies ci-apr\u00e8s. Informations d\u2019ordre g\u00e9n\u00e9ral Le site fournit des informations sur Aquaenergia. Il est \u00e9dit\u00e9 par Aquaenergia : Soci\u00e9t\u00e9 Anonyme Capital de 300 000 \u20ac Num\u00e9ro d&rsquo;entreprise : BE 0423.120.433 Si\u00e8ge social : Genebroekstraat 101, 3581 &#8211; BEVERLO T\u00e9l\u00e9phone : +32 11 40 28 14 Le Directeur de publication est Dominiek RYELANDT Le site est h\u00e9berg\u00e9 par WP Engine : Si\u00e8ge social : Irongate House, 22-30 Duke\u2019s Place \u2013 London, EC3A 7LP United&#8230; <div class=\"liresuite\"><a class=\"view-article\" href=\"https:\/\/www.aquaenergia.be\/fr\/mentions-legales\/\">+<\/a><\/div>","protected":false},"author":1,"featured_media":0,"parent":0,"menu_order":0,"comment_status":"closed","ping_status":"closed","template":"","meta":{"footnotes":""},"class_list":["post-3916","page","type-page","status-publish","hentry"],"yoast_head":"<!-- This site is optimized with the Yoast SEO plugin v24.6 - https:\/\/yoast.com\/wordpress\/plugins\/seo\/ -->\n<title>Mentions l\u00e9gales - Aquaenergia<\/title>\n<meta name=\"description\" content=\"Ce site est mis gracieusement \u00e0 disposition (hors frais de connexion) pour un usage personnel, sous r\u00e9serve du respect des conditions d\u00e9finies ci-apr\u00e8s\" \/>\n<meta name=\"robots\" content=\"noindex, follow, max-snippet:-1, max-image-preview:large, max-video-preview:-1\" \/>\n<meta property=\"og:locale\" content=\"fr_FR\" \/>\n<meta property=\"og:type\" content=\"article\" \/>\n<meta property=\"og:title\" content=\"Mentions l\u00e9gales - Aquaenergia\" \/>\n<meta property=\"og:description\" content=\"[vc_row css=\u00a0\u00bb.vc_custom_1602164538331{margin-top: 50px !important;margin-bottom: 50px !important;}\u00a0\u00bb][vc_column][vc_column_text] Ce site est mis gracieusement \u00e0 disposition (hors frais de connexion) pour un usage personnel, sous r\u00e9serve du respect des conditions d\u00e9finies ci-apr\u00e8s. Informations d\u2019ordre g\u00e9n\u00e9ral Le site fournit des informations sur Aquaenergia. Il est \u00e9dit\u00e9 par Aquaenergia : Soci\u00e9t\u00e9 Anonyme Capital de 300 000 \u20ac Num\u00e9ro d&rsquo;entreprise : BE 0423.120.433 Si\u00e8ge social : Genebroekstraat 101, 3581 &#8211; BEVERLO T\u00e9l\u00e9phone : +32 11 40 28 14 Le Directeur de publication est Dominiek RYELANDT Le site est h\u00e9berg\u00e9 par WP Engine : Si\u00e8ge social : Irongate House, 22-30 Duke\u2019s Place \u2013 London, EC3A 7LP United... +\" \/>\n<meta property=\"og:url\" content=\"https:\/\/www.aquaenergia.be\/fr\/mentions-legales\/\" \/>\n<meta property=\"og:site_name\" content=\"Aquaenergia\" \/>\n<meta property=\"article:modified_time\" content=\"2023-12-18T08:19:55+00:00\" \/>\n<meta property=\"og:image\" content=\"https:\/\/www.aquaenergia.be\/wp-content\/uploads\/sites\/43\/2023\/12\/aquaenergia.png\" \/>\n\t<meta property=\"og:image:width\" content=\"3466\" \/>\n\t<meta property=\"og:image:height\" content=\"1180\" \/>\n\t<meta property=\"og:image:type\" content=\"image\/png\" \/>\n<meta name=\"twitter:card\" content=\"summary_large_image\" \/>\n<meta name=\"twitter:site\" content=\"@sadecgth\" \/>\n<meta name=\"twitter:label1\" content=\"Dur\u00e9e de lecture estim\u00e9e\" \/>\n\t<meta name=\"twitter:data1\" content=\"6 minutes\" \/>\n<script type=\"application\/ld+json\" class=\"yoast-schema-graph\">{\"@context\":\"https:\/\/schema.org\",\"@graph\":[{\"@type\":\"WebPage\",\"@id\":\"https:\/\/www.aquaenergia.be\/fr\/mentions-legales\/\",\"url\":\"https:\/\/www.aquaenergia.be\/fr\/mentions-legales\/\",\"name\":\"Mentions l\u00e9gales - Aquaenergia\",\"isPartOf\":{\"@id\":\"https:\/\/www.aquaenergia.be\/#website\"},\"datePublished\":\"2020-10-08T13:30:17+00:00\",\"dateModified\":\"2023-12-18T08:19:55+00:00\",\"breadcrumb\":{\"@id\":\"https:\/\/www.aquaenergia.be\/fr\/mentions-legales\/#breadcrumb\"},\"inLanguage\":\"fr-FR\",\"potentialAction\":[{\"@type\":\"ReadAction\",\"target\":[\"https:\/\/www.aquaenergia.be\/fr\/mentions-legales\/\"]}]},{\"@type\":\"BreadcrumbList\",\"@id\":\"https:\/\/www.aquaenergia.be\/fr\/mentions-legales\/#breadcrumb\",\"itemListElement\":[{\"@type\":\"ListItem\",\"position\":1,\"name\":\"Accueil\",\"item\":\"https:\/\/www.aquaenergia.be\/fr\/\"},{\"@type\":\"ListItem\",\"position\":2,\"name\":\"Mentions l\u00e9gales\"}]},{\"@type\":\"WebSite\",\"@id\":\"https:\/\/www.aquaenergia.be\/#website\",\"url\":\"https:\/\/www.aquaenergia.be\/\",\"name\":\"Aquaenergia\",\"description\":\"\",\"publisher\":{\"@id\":\"https:\/\/www.aquaenergia.be\/#organization\"},\"potentialAction\":[{\"@type\":\"SearchAction\",\"target\":{\"@type\":\"EntryPoint\",\"urlTemplate\":\"https:\/\/www.aquaenergia.be\/?s={search_term_string}\"},\"query-input\":{\"@type\":\"PropertyValueSpecification\",\"valueRequired\":true,\"valueName\":\"search_term_string\"}}],\"inLanguage\":\"fr-FR\"},{\"@type\":\"Organization\",\"@id\":\"https:\/\/www.aquaenergia.be\/#organization\",\"name\":\"AQUAENERGIA\",\"url\":\"https:\/\/www.aquaenergia.be\/\",\"logo\":{\"@type\":\"ImageObject\",\"inLanguage\":\"fr-FR\",\"@id\":\"https:\/\/www.aquaenergia.be\/#\/schema\/logo\/image\/\",\"url\":\"https:\/\/www.aquaenergia.be\/wp-content\/uploads\/sites\/43\/2023\/12\/cropped-favicon.png\",\"contentUrl\":\"https:\/\/www.aquaenergia.be\/wp-content\/uploads\/sites\/43\/2023\/12\/cropped-favicon.png\",\"width\":512,\"height\":512,\"caption\":\"AQUAENERGIA\"},\"image\":{\"@id\":\"https:\/\/www.aquaenergia.be\/#\/schema\/logo\/image\/\"},\"sameAs\":[\"https:\/\/x.com\/sadecgth\",\"https:\/\/www.instagram.com\/sadecgth\",\"https:\/\/fr.linkedin.com\/company\/sade\",\"https:\/\/www.youtube.com\/channel\/UCt0AEHEpfgRE3pADxCZvXnQ\"]}]}<\/script>\n<!-- \/ Yoast SEO plugin. -->","yoast_head_json":{"title":"Mentions l\u00e9gales - Aquaenergia","description":"Ce site est mis gracieusement \u00e0 disposition (hors frais de connexion) pour un usage personnel, sous r\u00e9serve du respect des conditions d\u00e9finies ci-apr\u00e8s","robots":{"index":"noindex","follow":"follow","max-snippet":"max-snippet:-1","max-image-preview":"max-image-preview:large","max-video-preview":"max-video-preview:-1"},"og_locale":"fr_FR","og_type":"article","og_title":"Mentions l\u00e9gales - Aquaenergia","og_description":"[vc_row css=\u00a0\u00bb.vc_custom_1602164538331{margin-top: 50px !important;margin-bottom: 50px !important;}\u00a0\u00bb][vc_column][vc_column_text] Ce site est mis gracieusement \u00e0 disposition (hors frais de connexion) pour un usage personnel, sous r\u00e9serve du respect des conditions d\u00e9finies ci-apr\u00e8s. Informations d\u2019ordre g\u00e9n\u00e9ral Le site fournit des informations sur Aquaenergia. Il est \u00e9dit\u00e9 par Aquaenergia : Soci\u00e9t\u00e9 Anonyme Capital de 300 000 \u20ac Num\u00e9ro d&rsquo;entreprise : BE 0423.120.433 Si\u00e8ge social : Genebroekstraat 101, 3581 &#8211; BEVERLO T\u00e9l\u00e9phone : +32 11 40 28 14 Le Directeur de publication est Dominiek RYELANDT Le site est h\u00e9berg\u00e9 par WP Engine : Si\u00e8ge social : Irongate House, 22-30 Duke\u2019s Place \u2013 London, EC3A 7LP United... +","og_url":"https:\/\/www.aquaenergia.be\/fr\/mentions-legales\/","og_site_name":"Aquaenergia","article_modified_time":"2023-12-18T08:19:55+00:00","og_image":[{"width":3466,"height":1180,"url":"https:\/\/www.aquaenergia.be\/wp-content\/uploads\/sites\/43\/2023\/12\/aquaenergia.png","type":"image\/png"}],"twitter_card":"summary_large_image","twitter_site":"@sadecgth","twitter_misc":{"Dur\u00e9e de lecture estim\u00e9e":"6 minutes"},"schema":{"@context":"https:\/\/schema.org","@graph":[{"@type":"WebPage","@id":"https:\/\/www.aquaenergia.be\/fr\/mentions-legales\/","url":"https:\/\/www.aquaenergia.be\/fr\/mentions-legales\/","name":"Mentions l\u00e9gales - Aquaenergia","isPartOf":{"@id":"https:\/\/www.aquaenergia.be\/#website"},"datePublished":"2020-10-08T13:30:17+00:00","dateModified":"2023-12-18T08:19:55+00:00","breadcrumb":{"@id":"https:\/\/www.aquaenergia.be\/fr\/mentions-legales\/#breadcrumb"},"inLanguage":"fr-FR","potentialAction":[{"@type":"ReadAction","target":["https:\/\/www.aquaenergia.be\/fr\/mentions-legales\/"]}]},{"@type":"BreadcrumbList","@id":"https:\/\/www.aquaenergia.be\/fr\/mentions-legales\/#breadcrumb","itemListElement":[{"@type":"ListItem","position":1,"name":"Accueil","item":"https:\/\/www.aquaenergia.be\/fr\/"},{"@type":"ListItem","position":2,"name":"Mentions l\u00e9gales"}]},{"@type":"WebSite","@id":"https:\/\/www.aquaenergia.be\/#website","url":"https:\/\/www.aquaenergia.be\/","name":"Aquaenergia","description":"","publisher":{"@id":"https:\/\/www.aquaenergia.be\/#organization"},"potentialAction":[{"@type":"SearchAction","target":{"@type":"EntryPoint","urlTemplate":"https:\/\/www.aquaenergia.be\/?s={search_term_string}"},"query-input":{"@type":"PropertyValueSpecification","valueRequired":true,"valueName":"search_term_string"}}],"inLanguage":"fr-FR"},{"@type":"Organization","@id":"https:\/\/www.aquaenergia.be\/#organization","name":"AQUAENERGIA","url":"https:\/\/www.aquaenergia.be\/","logo":{"@type":"ImageObject","inLanguage":"fr-FR","@id":"https:\/\/www.aquaenergia.be\/#\/schema\/logo\/image\/","url":"https:\/\/www.aquaenergia.be\/wp-content\/uploads\/sites\/43\/2023\/12\/cropped-favicon.png","contentUrl":"https:\/\/www.aquaenergia.be\/wp-content\/uploads\/sites\/43\/2023\/12\/cropped-favicon.png","width":512,"height":512,"caption":"AQUAENERGIA"},"image":{"@id":"https:\/\/www.aquaenergia.be\/#\/schema\/logo\/image\/"},"sameAs":["https:\/\/x.com\/sadecgth","https:\/\/www.instagram.com\/sadecgth","https:\/\/fr.linkedin.com\/company\/sade","https:\/\/www.youtube.com\/channel\/UCt0AEHEpfgRE3pADxCZvXnQ"]}]}},"_links":{"self":[{"href":"https:\/\/www.aquaenergia.be\/fr\/wp-json\/wp\/v2\/pages\/3916"}],"collection":[{"href":"https:\/\/www.aquaenergia.be\/fr\/wp-json\/wp\/v2\/pages"}],"about":[{"href":"https:\/\/www.aquaenergia.be\/fr\/wp-json\/wp\/v2\/types\/page"}],"author":[{"embeddable":true,"href":"https:\/\/www.aquaenergia.be\/fr\/wp-json\/wp\/v2\/users\/1"}],"replies":[{"embeddable":true,"href":"https:\/\/www.aquaenergia.be\/fr\/wp-json\/wp\/v2\/comments?post=3916"}],"version-history":[{"count":0,"href":"https:\/\/www.aquaenergia.be\/fr\/wp-json\/wp\/v2\/pages\/3916\/revisions"}],"wp:attachment":[{"href":"https:\/\/www.aquaenergia.be\/fr\/wp-json\/wp\/v2\/media?parent=3916"}],"curies":[{"name":"wp","href":"https:\/\/api.w.org\/{rel}","templated":true}]}}